{"id":136,"date":"2019-12-22T10:13:23","date_gmt":"2019-12-22T09:13:23","guid":{"rendered":"http:\/\/www.neuropsy-valence.fr\/?page_id=136"},"modified":"2023-11-06T17:26:20","modified_gmt":"2023-11-06T16:26:20","slug":"contact","status":"publish","type":"page","link":"https:\/\/www.neuropsy-valence.fr\/?page_id=136","title":{"rendered":"Prendre RDV"},"content":{"rendered":"\n<p><\/p>\n\n\n\n\n<!-- This file should primarily consist of HTML with a little bit of PHP. -->\n<div class=\"app-flo-forms app-flo-forms_168\" data-form_id=\"168\">\n  <form class=\"flo-form\" enctype=\"multipart\/form-data\" >\n    <flo-form v-bind:form_id=\"168\"><\/flo-form>\n    <input type=\"hidden\" name=\"flo_fid\" value=\"168\">\n    <div class=\"flo overlay-loader\">\n      <div class=\"loader\"><div><\/div><div><\/div><div><\/div><div><\/div><div><\/div><div><\/div><div><\/div><\/div>\n    <\/div>\n    <div class=\"flo-response\"><\/div>\n    <div class=\"flo-response-error\"><\/div>\n  <\/form>\n<\/div>\n\n\n\n<div style=\"height:100px\" aria-hidden=\"true\" class=\"wp-block-spacer\"><\/div>\n\n\n\n<hr class=\"wp-block-separator has-css-opacity\"\/>\n\n\n<p>Conform\u00e9ment \u00e0 la R\u00e9glementation G\u00e9n\u00e9rale sur la Protection des Donn\u00e9es Personnelles (RGPD), la page ci-dessous vous indique de mani\u00e8re claire et pr\u00e9cise l&#8217;usage qu&#8217;il est fait des donn\u00e9es personnelles que vous pouvez saisir dans le formulaire:<\/p>\n<ul>\n<li>ces donn\u00e9es me permettent d&#8217;\u00e9valuer votre demande.<\/li>\n<li>les donn\u00e9es me sont envoy\u00e9es directement par mail de mani\u00e8re confidentielle et s\u00e9curis\u00e9e (SSL\/TLS).<\/li>\n<li>les donn\u00e9es collect\u00e9es ne sont pas stock\u00e9es ni conserv\u00e9es sur ce site.<\/li>\n<li>vous disposez d&#8217;un droit d&#8217;acc\u00e8s, de rectification ou d&#8217;oubli que vous pouvez exercer par simple envoi d&#8217;un mail de votre part.<\/li>\n<\/ul>\n<p>V\u00e9rifiez que votre navigateur utilise une connexion s\u00e9curis\u00e9e (cadenas):<\/p>\n<p><a href=\"https:\/\/www.neuropsy-valence.fr\/wp-content\/uploads\/2019\/12\/https.png\"><img decoding=\"async\" loading=\"lazy\" class=\"alignnone  wp-image-257\" src=\"https:\/\/www.neuropsy-valence.fr\/wp-content\/uploads\/2019\/12\/https-300x28.png\" alt=\"\" width=\"407\" height=\"38\" srcset=\"https:\/\/www.neuropsy-valence.fr\/wp-content\/uploads\/2019\/12\/https-300x28.png 300w, https:\/\/www.neuropsy-valence.fr\/wp-content\/uploads\/2019\/12\/https.png 371w\" sizes=\"(max-width: 407px) 100vw, 407px\" \/><\/a><\/p>\n\n\n<p><\/p>\n","protected":false},"excerpt":{"rendered":"<p>Conform\u00e9ment \u00e0 la R\u00e9glementation G\u00e9n\u00e9rale sur la Protection des Donn\u00e9es Personnelles (RGPD), la page ci-dessous vous indique de mani\u00e8re claire et pr\u00e9cise l&#8217;usage qu&#8217;il est fait des donn\u00e9es personnelles que vous pouvez saisir dans le formulaire: ces donn\u00e9es me permettent d&#8217;\u00e9valuer votre demande. les donn\u00e9es me sont envoy\u00e9es directement par mail de mani\u00e8re confidentielle et [&hellip;]<\/p>\n","protected":false},"author":2,"featured_media":0,"parent":0,"menu_order":0,"comment_status":"closed","ping_status":"closed","template":"","meta":[],"_links":{"self":[{"href":"https:\/\/www.neuropsy-valence.fr\/index.php?rest_route=\/wp\/v2\/pages\/136"}],"collection":[{"href":"https:\/\/www.neuropsy-valence.fr\/index.php?rest_route=\/wp\/v2\/pages"}],"about":[{"href":"https:\/\/www.neuropsy-valence.fr\/index.php?rest_route=\/wp\/v2\/types\/page"}],"author":[{"embeddable":true,"href":"https:\/\/www.neuropsy-valence.fr\/index.php?rest_route=\/wp\/v2\/users\/2"}],"replies":[{"embeddable":true,"href":"https:\/\/www.neuropsy-valence.fr\/index.php?rest_route=%2Fwp%2Fv2%2Fcomments&post=136"}],"version-history":[{"count":47,"href":"https:\/\/www.neuropsy-valence.fr\/index.php?rest_route=\/wp\/v2\/pages\/136\/revisions"}],"predecessor-version":[{"id":2101,"href":"https:\/\/www.neuropsy-valence.fr\/index.php?rest_route=\/wp\/v2\/pages\/136\/revisions\/2101"}],"wp:attachment":[{"href":"https:\/\/www.neuropsy-valence.fr\/index.php?rest_route=%2Fwp%2Fv2%2Fmedia&parent=136"}],"curies":[{"name":"wp","href":"https:\/\/api.w.org\/{rel}","templated":true}]}}